{"id":620,"date":"2023-09-03T10:14:41","date_gmt":"2023-09-03T14:14:41","guid":{"rendered":"https:\/\/imminafilms.focuslabs.com\/politique-de-confidentialite\/"},"modified":"2024-03-11T14:41:56","modified_gmt":"2024-03-11T18:41:56","slug":"privacy-policy","status":"publish","type":"page","link":"https:\/\/imminafilms.com\/en\/privacy-policy\/","title":{"rendered":"Privacy policy"},"content":{"rendered":"\n<p><strong><span>Derni\u00e8re mise \u00e0 jour le 14-Oct-2023<\/span> <br><span>Date d&#8217;entr\u00e9e en vigueur : 14-Oct-2023<\/span><\/strong> <\/p>\n\n\n\n<p>     Cette politique de confidentialit\u00e9 d\u00e9crit les politiques de     Immina Films,     180 rue Peel, Bureau 340, Montr\u00e9al (Qc),     H3C 2G7 ,     Canada,     email: <a href=\"mailto:info@imminafilms.com\">info@imminafilms.com<\/a>,     t\u00e9l\u00e9phone : (514) 267-6678     concernant la collecte,     l&#8217;utilisation et la divulgation de vos informations que nous collectons     lorsque vous utilisez notre site Web ( imminafilms.com ).     (le \u00ab Service \u00bb). En acc\u00e9dant ou en utilisant     le     Service, vous consentez \u00e0 la collecte, \u00e0 l&#8217;utilisation et \u00e0 la     divulgation de vos informations conform\u00e9ment \u00e0 cette     politique de confidentialit\u00e9. Si vous n&#8217;y consentez pas,     veuillez ne pas acc\u00e9der ou utiliser le Service. <\/p>\n\n\n\n<p>\n    Nous pouvons modifier cette politique de confidentialit\u00e9 \u00e0 tout moment sans\n    pr\u00e9avis et publierons la politique r\u00e9vis\u00e9e sur le Service. La politique r\u00e9vis\u00e9e\n    sera en vigueur 180 jours \u00e0 compter de la date de publication de la\n    politique r\u00e9vis\u00e9e sur le Service, et votre\n    acc\u00e8s continu ou utilisation du Service apr\u00e8s cette p\u00e9riode\n    constituera votre acceptation de la politique de confidentialit\u00e9 r\u00e9vis\u00e9e. Nous vous recommandons donc de consulter p\u00e9riodiquement cette page.\n<\/p>\n\n\n\n<ol>\n<li><h2 class=\"privacy-policy-h2\">\n            Informations que nous collectons :\n        <\/h2><p class=\"privacy-policy-p\">\n            Nous collecterons et traiterons les informations personnelles suivantes\n            vous concernant :\n        <\/p>\n<ol>\n<li>Nom<\/li>\n\n\n\n<li>Adresse e-mail<\/li>\n<\/ol>\n<\/li>\n\n\n\n<li>\n        <h2 class=\"privacy-policy-h2\">\n            Comment nous utilisons vos informations :\n        <\/h2>\n        <p class=\"privacy-policy-p\">\n            Nous utiliserons les informations que nous collectons\n            vous concernant aux fins suivantes :\n        <\/p>\n        <ol class=\"privacy-policy-ol\">\n\n                        <li>Marketing \/ Promotionnel<\/li>\n            \n            \n            \n            \n            \n            \n            \n            \n            \n            \n            \n            \n            \n            \n        <\/ol>\n        <p class=\"privacy-policy-p\">\n            Si nous souhaitons utiliser vos informations \u00e0 toute autre fin, nous vous demanderons votre consentement et n&#8217;utiliserons vos informations qu&#8217;apr\u00e8s avoir re\u00e7u votre consentement, et uniquement \u00e0 des fins pour lesquelles vous avez donn\u00e9 votre consentement, sauf obligation l\u00e9gale contraire.\n        <\/p>\n    <\/li>\n\n\n\n<li>\n        <h2 class=\"privacy-policy-h2\">\n            Comment nous partageons vos informations :\n        <\/h2>\n\n\n                <p class=\"privacy-policy-p\">\n            Nous ne transf\u00e9rerons pas vos informations personnelles\n            \u00e0 un tiers sans obtenir votre consentement,\n            sauf dans des circonstances limit\u00e9es telles que d\u00e9crites\n            ci-dessous :\n        <\/p>\n        <ol class=\"privacy-policy-ol\">\n            \n            \n            \n            \n                        <li>Analytics<\/li>\n            \n            \n                    <\/ol>\n        \n        <p class=\"privacy-policy-p\">\n            Nous exigeons que ces tiers utilisent les informations personnelles que nous leur transf\u00e9rons uniquement\n            dans le but pour lequel elles ont \u00e9t\u00e9 transf\u00e9r\u00e9es et\n            ne les conservent pas plus longtemps que n\u00e9cessaire pour\n            remplir ledit objectif.\n        <\/p>\n        <p class=\"privacy-policy-p\">\n            Nous pouvons \u00e9galement divulguer vos informations personnelles\n            dans les cas suivants : (1) pour se conformer \u00e0 la loi applicable,\n            \u00e0 la r\u00e9glementation, \u00e0 une ordonnance du tribunal ou \u00e0 une autre proc\u00e9dure judiciaire ;\n            (2) pour faire respecter vos accords avec nous,\n            y compris la pr\u00e9sente politique de confidentialit\u00e9 ; ou (3) pour r\u00e9pondre\n            aux r\u00e9clamations selon lesquelles votre utilisation du Service viole\n            les droits de tiers. Si le Service ou notre\n            entreprise est fusionn\u00e9 ou acquis par une autre\n            entreprise, vos informations seront l&#8217;un des actifs transf\u00e9r\u00e9s\n            au nouveau propri\u00e9taire.\n        <\/p>\n    <\/li>\n\n\n\n<li>\n        <h2 class=\"privacy-policy-h2\">\n            Conservation de vos informations :\n        <\/h2>\n        <p class=\"privacy-policy-p\">\n            Nous conserverons vos informations personnelles avec nous\n            pendant\n                        90 jours \u00e0 2 ans apr\u00e8s la r\u00e9siliation de votre compte\n                        ou aussi longtemps que n\u00e9cessaire pour remplir les objectifs pour\n            lesquels elles ont \u00e9t\u00e9 collect\u00e9es, comme indiqu\u00e9 dans la pr\u00e9sente\n            Politique de confidentialit\u00e9. Nous pouvons avoir besoin de conserver certaines\n            informations pendant des p\u00e9riodes plus longues, telles que\n            la conservation des dossiers \/ rapports conform\u00e9ment \u00e0 la loi applicable ou pour d&#8217;autres raisons l\u00e9gitimes\n            telles que l&#8217;application des droits l\u00e9gaux, la pr\u00e9vention de la fraude, etc. Les informations anonymes r\u00e9siduelles\n            et les informations agr\u00e9g\u00e9es, qui ne vous identifient pas (directement ou indirectement),\n            peuvent \u00eatre conserv\u00e9es ind\u00e9finiment.\n        <\/p>\n    <\/li>\n\n\n\n<li>         <h2 class=\"privacy-policy-h2\">             Vos droits :         <\/h2>         <p class=\"privacy-policy-p\">             Selon la loi applicable, vous pouvez avoir le droit d&#8217;acc\u00e9der \u00e0 vos donn\u00e9es personnelles ou de les rectifier ou de les supprimer,\n             recevoir une copie de vos donn\u00e9es personnelles, restreindre ou vous opposer au traitement actif de vos donn\u00e9es,\n             nous demander de partager (porter) vos informations personnelles \u00e0 une autre entit\u00e9,\n             retirer tout consentement que vous nous avez donn\u00e9 pour traiter vos donn\u00e9es,\n             un droit de porter plainte aupr\u00e8s d&#8217;une autorit\u00e9 de surveillance et d&#8217;autres droits pertinents en vertu des lois applicables.\n             Pour exercer ces droits, vous pouvez nous \u00e9crire \u00e0 l&#8217;adresse <a href=\"mailto:info@imminafilms.com\">info@imminafilms.com<\/a>.\n             Nous r\u00e9pondrons \u00e0 votre demande conform\u00e9ment \u00e0 la loi applicable.         <\/p>                 <p class=\"privacy-policy-p\">             Vous pouvez vous d\u00e9sabonner des communications marketing directes ou du profilage que nous effectuons \u00e0 des fins marketing en nous \u00e9crivant \u00e0 l&#8217;adresse <a href=\"mailto:info@imminafilms.com\">info@imminafilms.com<\/a>.         <\/p>                  <p class=\"privacy-policy-p\">             Veuillez noter que si vous ne nous autorisez pas \u00e0 collecter ou \u00e0 traiter les informations personnelles requises\n             ou \u00e0 retirer le consentement de traiter les m\u00eames fins n\u00e9cessaires,\n             vous pourriez ne pas \u00eatre en mesure d&#8217;acc\u00e9der\n             ou d&#8217;utiliser les services pour lesquels vos informations \u00e9taient demand\u00e9es.         <\/p>     <\/li>\n\n\n\n<li>         <h2 class=\"privacy-policy-h2\">             Cookies, etc.         <\/h2>         <p class=\"privacy-policy-p\">                          Pour en savoir plus sur la mani\u00e8re dont nous utilisons ces             technologies et sur vos choix \u00e0 cet \u00e9gard, veuillez vous r\u00e9f\u00e9rer \u00e0 notre             <a href=\"http:\/\/ru-lefilm.com\/politique-de-cookies\/\" target=\"_blank\" rel=\"noopener\">Politique en mati\u00e8re de cookies.<\/a>         <\/p>     <\/li>\n\n\n\n<li>\n        <h2 class=\"privacy-policy-h2\">\n            S\u00e9curit\u00e9 :\n        <\/h2>\n        <p class=\"privacy-policy-p\">\n            La s\u00e9curit\u00e9 de vos informations nous tient \u00e0 c\u0153ur et nous prendrons des mesures de s\u00e9curit\u00e9 raisonnables\n            pour \u00e9viter la perte, l&#8217;utilisation abusive ou l&#8217;alt\u00e9ration non autoris\u00e9e\n            de vos informations sous notre\n            contr\u00f4le. Cependant, compte tenu des risques inh\u00e9rents, nous\n            ne pouvons garantir une s\u00e9curit\u00e9 absolue et,\n            par cons\u00e9quent, nous ne pouvons assurer ou garantir la\n            s\u00e9curit\u00e9 de toutes les informations que vous nous transmettez,\n            et vous le faites \u00e0 vos propres risques.\n        <\/p>\n    <\/li>\n\n\n\n<li>         <h2 class=\"privacy-policy-h2\">             R\u00e9clamations \/ D\u00e9l\u00e9gu\u00e9 \u00e0 la protection des donn\u00e9es :         <\/h2>         <p class=\"privacy-policy-p\">             Si vous avez des questions ou des pr\u00e9occupations concernant le traitement de vos informations disponibles              aupr\u00e8s de nous, vous pouvez envoyer un courriel \u00e0 notre d\u00e9l\u00e9gu\u00e9 \u00e0 la protection des donn\u00e9es \u00e0 l&#8217;adresse suivante :              Immina Films, 180 rue Peel, Bureau 340, Montr\u00e9al (Qc), H3C 2G7              courriel : <a href=\"mailto:info@imminafilms.com\">info@imminafilms.com<\/a><span style=\"color: initial;\">. <\/span><span style=\"color: initial; font-size: revert;\">Nous traiterons vos pr\u00e9occupations conform\u00e9ment \u00e0 la loi applicable.<\/span><\/p><\/li>\n<\/ol>\n\n\n\n<p>\n    Politique de confidentialit\u00e9 g\u00e9n\u00e9r\u00e9e avec  <a target=\"_blank\" href=\"https:\/\/www.cookieyes.com\/?utm_source=PP&amp;utm_medium=footer&amp;utm_campaign=UW\" rel=\"noopener\">CookieYes<\/a>.\n<\/p>\n","protected":false},"excerpt":{"rendered":"<p>Derni\u00e8re mise \u00e0 jour le 14-Oct-2023 Date d&#8217;entr\u00e9e en vigueur : 14-Oct-2023 Cette politique de confidentialit\u00e9 d\u00e9crit les politiques de Immina Films, 180 rue Peel, Bureau 340, Montr\u00e9al (Qc), H3C 2G7 , Canada, email: info@imminafilms.com, t\u00e9l\u00e9phone : (514) 267-6678 concernant la collecte, l&#8217;utilisation et la divulgation de vos informations que nous collectons lorsque vous utilisez &hellip; <a href=\"https:\/\/imminafilms.com\/en\/privacy-policy\/\">Continued<\/a><\/p>\n","protected":false},"author":1,"featured_media":0,"parent":0,"menu_order":0,"comment_status":"closed","ping_status":"open","template":"","meta":{"footnotes":""},"acf":[],"_links":{"self":[{"href":"https:\/\/imminafilms.com\/en\/wp-json\/wp\/v2\/pages\/620"}],"collection":[{"href":"https:\/\/imminafilms.com\/en\/wp-json\/wp\/v2\/pages"}],"about":[{"href":"https:\/\/imminafilms.com\/en\/wp-json\/wp\/v2\/types\/page"}],"author":[{"embeddable":true,"href":"https:\/\/imminafilms.com\/en\/wp-json\/wp\/v2\/users\/1"}],"replies":[{"embeddable":true,"href":"https:\/\/imminafilms.com\/en\/wp-json\/wp\/v2\/comments?post=620"}],"version-history":[{"count":2,"href":"https:\/\/imminafilms.com\/en\/wp-json\/wp\/v2\/pages\/620\/revisions"}],"predecessor-version":[{"id":962,"href":"https:\/\/imminafilms.com\/en\/wp-json\/wp\/v2\/pages\/620\/revisions\/962"}],"wp:attachment":[{"href":"https:\/\/imminafilms.com\/en\/wp-json\/wp\/v2\/media?parent=620"}],"curies":[{"name":"wp","href":"https:\/\/api.w.org\/{rel}","templated":true}]}}